{"id":11,"date":"2023-06-21T18:45:09","date_gmt":"2023-06-21T16:45:09","guid":{"rendered":"https:\/\/www.staging.absology.co\/?page_id=11"},"modified":"2026-02-12T23:29:51","modified_gmt":"2026-02-12T22:29:51","slug":"rimborso_reso","status":"publish","type":"page","link":"https:\/\/staging.absology.co\/it\/rimborso_reso\/","title":{"rendered":"Consegna e reso"},"content":{"rendered":"\n<h1 class=\"wp-block-heading\">Consegna e reso<\/h1>\n\n\n\n<h2 class=\"wp-block-heading\">Politica di ritorno<\/h2>\n\n\n\n<p>Accettiamo il reso del tuo ordine entro 14 giorni dalla data di ricezione del tuo ordine. Il reso \u00e8 a tue spese.<\/p>\n\n\n\n<p>Il prodotto deve essere integro, non aperto e nella sua confezione originale.<\/p>\n\n\n\n<p>I resi degli ordini sono a carico del Cliente e verranno detratti dall&#8217;importo totale del rimborso. In caso di recesso, provvederemo a rimborsare il pagamento ricevuto entro 14 giorni, tramite bonifico bancario. Ti invitiamo a contattare il nostro team via e-mail all&#8217;indirizzo&nbsp;<a href=\"mailto:hello@absology.co\">hello@absology.co<\/a>. Ti faremo sapere come procedere.<\/p>\n\n\n\n<p>Ti consigliamo di scegliere una modalit\u00e0 di trasporto con numero di tracciamento. Senza un numero di tracciamento, non accetteremo alcun reclamo.<\/p>\n\n\n\n<p>Se il prodotto restituito non soddisfa le condizioni di reso, il rimborso non pu\u00f2 essere effettuato.<\/p>\n\n\n\n<div style=\"height:50px\" aria-hidden=\"true\" class=\"wp-block-spacer\"><\/div>\n\n\n\n<h2 class=\"wp-block-heading\">Costi di spedizione<\/h2>\n\n\n\n<p>I costi per la consegna dipendono dall&#8217;area geografica interessata. Al di fuori dell&#8217;Unione Europea e per i territori francesi d&#8217;oltremare, potrebbero essere applicate tasse e dazi doganali che saranno a carico del consumatore al momento della consegna. Il totale del vostro ordine non include queste tasse e dazi doganali. Potete scoprire l&#8217;importo da pagare presso l&#8217;ufficio postale locale.<\/p>\n\n\n\n<div style=\"height:50px\" aria-hidden=\"true\" class=\"wp-block-spacer\"><\/div>\n\n\n\n<h3 class=\"wp-block-heading\">Zone 1<\/h3>\n\n\n\n<figure class=\"wp-block-table\"><table class=\"has-fixed-layout\"><thead><tr><th>Paesi<\/th><th class=\"has-text-align-right\" data-align=\"right\">Tempi di consegna<\/th><th class=\"has-text-align-right\" data-align=\"right\">Spese di spedizione<\/th><th class=\"has-text-align-right\" data-align=\"right\">Spedizione offerta a partire da<\/th><\/tr><\/thead><tbody><tr><td>Francia<\/td><td class=\"has-text-align-right\" data-align=\"right\">2<\/td><td class=\"has-text-align-right\" data-align=\"right\">7,83\u20ac<\/td><td class=\"has-text-align-right\" data-align=\"right\">65\u20ac<\/td><\/tr><tr><td>Italia<\/td><td class=\"has-text-align-right\" data-align=\"right\">2<\/td><td class=\"has-text-align-right\" data-align=\"right\">6,97\u20ac<\/td><td class=\"has-text-align-right\" data-align=\"right\">55\u20ac<\/td><\/tr><tr><td>Vaticano<\/td><td class=\"has-text-align-right\" data-align=\"right\">2<\/td><td class=\"has-text-align-right\" data-align=\"right\">6,97\u20ac<\/td><td class=\"has-text-align-right\" data-align=\"right\">55\u20ac<\/td><\/tr><tr><td>Germania<\/td><td class=\"has-text-align-right\" data-align=\"right\">3<\/td><td class=\"has-text-align-right\" data-align=\"right\">10,42\u20ac<\/td><td class=\"has-text-align-right\" data-align=\"right\">75\u20ac<\/td><\/tr><tr><td>Belgio<\/td><td class=\"has-text-align-right\" data-align=\"right\">3<\/td><td class=\"has-text-align-right\" data-align=\"right\">10,42\u20ac<\/td><td class=\"has-text-align-right\" data-align=\"right\">75\u20ac<\/td><\/tr><tr><td>Lussemburgo<\/td><td class=\"has-text-align-right\" data-align=\"right\">3<\/td><td class=\"has-text-align-right\" data-align=\"right\">10,42\u20ac<\/td><td class=\"has-text-align-right\" data-align=\"right\">75\u20ac<\/td><\/tr><tr><td>Paesi Bassi<\/td><td class=\"has-text-align-right\" data-align=\"right\">3<\/td><td class=\"has-text-align-right\" data-align=\"right\">10,42\u20ac<\/td><td class=\"has-text-align-right\" data-align=\"right\">75\u20ac<\/td><\/tr><tr><td>DOM (Guadeloupe (y compris Saint-Barth\u00e9lemy et Saint-Martin), Martinique, La R\u00e9union, Guyane, Mayotte et Saint-Pierre-et-<br>Miquelon)<\/td><td class=\"has-text-align-right\" data-align=\"right\">4<\/td><td class=\"has-text-align-right\" data-align=\"right\">11,89\u20ac<\/td><td class=\"has-text-align-right\" data-align=\"right\">75\u20ac<\/td><\/tr><tr><td>TOM (Nouvelle-Cal\u00e9donie et ses d\u00e9pendances, Polyn\u00e9sie Fran\u00e7aise, Iles Wallis et Futuna, Terres Australes et Antarctiques<br>Fran\u00e7aises)<\/td><td class=\"has-text-align-right\" data-align=\"right\">4<\/td><td class=\"has-text-align-right\" data-align=\"right\">14,10\u20ac<\/td><td class=\"has-text-align-right\" data-align=\"right\">85\u20ac<\/td><\/tr><\/tbody><\/table><\/figure>\n\n\n\n<div style=\"height:50px\" aria-hidden=\"true\" class=\"wp-block-spacer\"><\/div>\n\n\n\n<h3 class=\"wp-block-heading\">Zone 2<\/h3>\n\n\n\n<figure class=\"wp-block-table\"><table class=\"has-fixed-layout\"><thead><tr><th>Paesi<\/th><th class=\"has-text-align-right\" data-align=\"right\">Tempi di consegna<\/th><th class=\"has-text-align-right\" data-align=\"right\">Spese di spedizione<\/th><th class=\"has-text-align-right\" data-align=\"right\">Spedizione offerta a partire da<\/th><\/tr><\/thead><tbody><tr><td>Austria<\/td><td class=\"has-text-align-right\" data-align=\"right\">3<\/td><td class=\"has-text-align-right\" data-align=\"right\">11,93\u20ac<\/td><td class=\"has-text-align-right\" data-align=\"right\">75\u20ac<\/td><\/tr><tr><td>Spagna<\/td><td class=\"has-text-align-right\" data-align=\"right\">3<\/td><td class=\"has-text-align-right\" data-align=\"right\">11,93\u20ac<\/td><td class=\"has-text-align-right\" data-align=\"right\">75\u20ac<\/td><\/tr><tr><td>Portogallo<\/td><td class=\"has-text-align-right\" data-align=\"right\">3<\/td><td class=\"has-text-align-right\" data-align=\"right\">11,93\u20ac<\/td><td class=\"has-text-align-right\" data-align=\"right\">75\u20ac<\/td><\/tr><tr><td>Irlanda<\/td><td class=\"has-text-align-right\" data-align=\"right\">3<\/td><td class=\"has-text-align-right\" data-align=\"right\">11,93\u20ac<\/td><td class=\"has-text-align-right\" data-align=\"right\">75\u20ac<\/td><\/tr><\/tbody><\/table><\/figure>\n\n\n\n<div style=\"height:50px\" aria-hidden=\"true\" class=\"wp-block-spacer\"><\/div>\n\n\n\n<h2 class=\"wp-block-heading\">Zone 3<\/h2>\n\n\n\n<figure class=\"wp-block-table\"><table class=\"has-fixed-layout\"><thead><tr><th>Paesi<\/th><th class=\"has-text-align-right\" data-align=\"right\">Tempi di consegna<\/th><th class=\"has-text-align-right\" data-align=\"right\">Spese di spedizione<\/th><th class=\"has-text-align-right\" data-align=\"right\">Spedizione offerta a partire da<\/th><\/tr><\/thead><tbody><tr><td>Danimarca<\/td><td class=\"has-text-align-right\" data-align=\"right\">4<\/td><td class=\"has-text-align-right\" data-align=\"right\">13,26\u20ac<\/td><td class=\"has-text-align-right\" data-align=\"right\">80\u20ac<\/td><\/tr><tr><td>Estonia<\/td><td class=\"has-text-align-right\" data-align=\"right\">4<\/td><td class=\"has-text-align-right\" data-align=\"right\">13,26\u20ac<\/td><td class=\"has-text-align-right\" data-align=\"right\">80\u20ac<\/td><\/tr><tr><td>Ungheria<\/td><td class=\"has-text-align-right\" data-align=\"right\">4<\/td><td class=\"has-text-align-right\" data-align=\"right\">13,26\u20ac<\/td><td class=\"has-text-align-right\" data-align=\"right\">80\u20ac<\/td><\/tr><tr><td>Lettonia<\/td><td class=\"has-text-align-right\" data-align=\"right\">4<\/td><td class=\"has-text-align-right\" data-align=\"right\">13,26\u20ac<\/td><td class=\"has-text-align-right\" data-align=\"right\">80\u20ac<\/td><\/tr><tr><td>Lituania<\/td><td class=\"has-text-align-right\" data-align=\"right\">4<\/td><td class=\"has-text-align-right\" data-align=\"right\">13,26\u20ac<\/td><td class=\"has-text-align-right\" data-align=\"right\">80\u20ac<\/td><\/tr><tr><td>Polonia<\/td><td class=\"has-text-align-right\" data-align=\"right\">4<\/td><td class=\"has-text-align-right\" data-align=\"right\">13,26\u20ac<\/td><td class=\"has-text-align-right\" data-align=\"right\">80\u20ac<\/td><\/tr><tr><td>Repubblica Ceca<\/td><td class=\"has-text-align-right\" data-align=\"right\">4<\/td><td class=\"has-text-align-right\" data-align=\"right\">13,26\u20ac<\/td><td class=\"has-text-align-right\" data-align=\"right\">80\u20ac<\/td><\/tr><tr><td>Slovacchia<\/td><td class=\"has-text-align-right\" data-align=\"right\">4<\/td><td class=\"has-text-align-right\" data-align=\"right\">13,26\u20ac<\/td><td class=\"has-text-align-right\" data-align=\"right\">80\u20ac<\/td><\/tr><tr><td>Slovenia<\/td><td class=\"has-text-align-right\" data-align=\"right\">4<\/td><td class=\"has-text-align-right\" data-align=\"right\">13,26\u20ac<\/td><td class=\"has-text-align-right\" data-align=\"right\">80\u20ac<\/td><\/tr><tr><td>Svezia<\/td><td class=\"has-text-align-right\" data-align=\"right\">4<\/td><td class=\"has-text-align-right\" data-align=\"right\">13,26\u20ac<\/td><td class=\"has-text-align-right\" data-align=\"right\">80\u20ac<\/td><\/tr><tr><td>Svizzera<\/td><td class=\"has-text-align-right\" data-align=\"right\">4<\/td><td class=\"has-text-align-right\" data-align=\"right\">13,26\u20ac<\/td><td class=\"has-text-align-right\" data-align=\"right\">80\u20ac<\/td><\/tr><\/tbody><\/table><\/figure>\n\n\n\n<div style=\"height:50px\" aria-hidden=\"true\" class=\"wp-block-spacer\"><\/div>\n\n\n\n<h2 class=\"wp-block-heading\">Zone 4<\/h2>\n\n\n\n<figure class=\"wp-block-table\"><table class=\"has-fixed-layout\"><thead><tr><th>Paesi<\/th><th class=\"has-text-align-right\" data-align=\"right\">Tempi di consegna<\/th><th class=\"has-text-align-right\" data-align=\"right\">Spese di spedizione<\/th><th class=\"has-text-align-right\" data-align=\"right\">Spedizione offerta a partire da<\/th><\/tr><\/thead><tbody><tr><td>Bulgaria<\/td><td class=\"has-text-align-right\" data-align=\"right\">7<\/td><td class=\"has-text-align-right\" data-align=\"right\">15,5\u20ac<\/td><td class=\"has-text-align-right\" data-align=\"right\">90\u20ac<\/td><\/tr><tr><td>Cipro<\/td><td class=\"has-text-align-right\" data-align=\"right\">7<\/td><td class=\"has-text-align-right\" data-align=\"right\">15,5\u20ac<\/td><td class=\"has-text-align-right\" data-align=\"right\">90\u20ac<\/td><\/tr><tr><td>Croazia<\/td><td class=\"has-text-align-right\" data-align=\"right\">7<\/td><td class=\"has-text-align-right\" data-align=\"right\">15,5\u20ac<\/td><td class=\"has-text-align-right\" data-align=\"right\">90\u20ac<\/td><\/tr><tr><td>Finlandia<\/td><td class=\"has-text-align-right\" data-align=\"right\">7<\/td><td class=\"has-text-align-right\" data-align=\"right\">15,5\u20ac<\/td><td class=\"has-text-align-right\" data-align=\"right\">90\u20ac<\/td><\/tr><tr><td>Grecia<\/td><td class=\"has-text-align-right\" data-align=\"right\">7<\/td><td class=\"has-text-align-right\" data-align=\"right\">15,5\u20ac<\/td><td class=\"has-text-align-right\" data-align=\"right\">90\u20ac<\/td><\/tr><tr><td>Maghreb<\/td><td class=\"has-text-align-right\" data-align=\"right\">7<\/td><td class=\"has-text-align-right\" data-align=\"right\">15,5\u20ac<\/td><td class=\"has-text-align-right\" data-align=\"right\">90\u20ac<\/td><\/tr><tr><td>inghilterra<\/td><td class=\"has-text-align-right\" data-align=\"right\">7<\/td><td class=\"has-text-align-right\" data-align=\"right\">15,5\u20ac<\/td><td class=\"has-text-align-right\" data-align=\"right\">90\u20ac<\/td><\/tr><tr><td>Islanda<\/td><td class=\"has-text-align-right\" data-align=\"right\">7<\/td><td class=\"has-text-align-right\" data-align=\"right\">15,5\u20ac<\/td><td class=\"has-text-align-right\" data-align=\"right\">90\u20ac<\/td><\/tr><tr><td>Malta<\/td><td class=\"has-text-align-right\" data-align=\"right\">7<\/td><td class=\"has-text-align-right\" data-align=\"right\">15,5\u20ac<\/td><td class=\"has-text-align-right\" data-align=\"right\">90\u20ac<\/td><\/tr><tr><td>Norvegia<\/td><td class=\"has-text-align-right\" data-align=\"right\">7<\/td><td class=\"has-text-align-right\" data-align=\"right\">15,5\u20ac<\/td><td class=\"has-text-align-right\" data-align=\"right\">90\u20ac<\/td><\/tr><tr><td>Portogallo (isola di Madeira, Acor)<\/td><td class=\"has-text-align-right\" data-align=\"right\">7<\/td><td class=\"has-text-align-right\" data-align=\"right\">15,5\u20ac<\/td><td class=\"has-text-align-right\" data-align=\"right\">90\u20ac<\/td><\/tr><tr><td>Romania<\/td><td class=\"has-text-align-right\" data-align=\"right\">7<\/td><td class=\"has-text-align-right\" data-align=\"right\">15,5\u20ac<\/td><td class=\"has-text-align-right\" data-align=\"right\">90\u20ac<\/td><\/tr><\/tbody><\/table><\/figure>\n\n\n\n<div style=\"height:50px\" aria-hidden=\"true\" class=\"wp-block-spacer\"><\/div>\n\n\n\n<h2 class=\"wp-block-heading\">Zone 5<\/h2>\n\n\n\n<figure class=\"wp-block-table\"><table class=\"has-fixed-layout\"><thead><tr><th>Paesi<\/th><th class=\"has-text-align-right\" data-align=\"right\">Tempi di consegna<\/th><th class=\"has-text-align-right\" data-align=\"right\">Spese di spedizione<\/th><th class=\"has-text-align-right\" data-align=\"right\">Spedizione offerta a partire da<\/th><\/tr><\/thead><tbody><tr><td>Australia<\/td><td class=\"has-text-align-right\" data-align=\"right\">7<\/td><td class=\"has-text-align-right\" data-align=\"right\">30,26\u20ac<\/td><td class=\"has-text-align-right\" data-align=\"right\">130\u20ac<\/td><\/tr><tr><td>Canada<\/td><td class=\"has-text-align-right\" data-align=\"right\">7<\/td><td class=\"has-text-align-right\" data-align=\"right\">30,26\u20ac<\/td><td class=\"has-text-align-right\" data-align=\"right\">130\u20ac<\/td><\/tr><tr><td>Cina<\/td><td class=\"has-text-align-right\" data-align=\"right\">7<\/td><td class=\"has-text-align-right\" data-align=\"right\">30,26\u20ac<\/td><td class=\"has-text-align-right\" data-align=\"right\">130\u20ac<\/td><\/tr><tr><td>Corea del Sud<\/td><td class=\"has-text-align-right\" data-align=\"right\">7<\/td><td class=\"has-text-align-right\" data-align=\"right\">30,26\u20ac<\/td><td class=\"has-text-align-right\" data-align=\"right\">130\u20ac<\/td><\/tr><tr><td>Stati Uniti<\/td><td class=\"has-text-align-right\" data-align=\"right\">7<\/td><td class=\"has-text-align-right\" data-align=\"right\">30,26\u20ac<\/td><td class=\"has-text-align-right\" data-align=\"right\">130\u20ac<\/td><\/tr><tr><td>Hong Kong<\/td><td class=\"has-text-align-right\" data-align=\"right\">7<\/td><td class=\"has-text-align-right\" data-align=\"right\">30,26\u20ac<\/td><td class=\"has-text-align-right\" data-align=\"right\">130\u20ac<\/td><\/tr><tr><td>India<\/td><td class=\"has-text-align-right\" data-align=\"right\">7<\/td><td class=\"has-text-align-right\" data-align=\"right\">30,26\u20ac<\/td><td class=\"has-text-align-right\" data-align=\"right\">130\u20ac<\/td><\/tr><tr><td>Israele<\/td><td class=\"has-text-align-right\" data-align=\"right\">7<\/td><td class=\"has-text-align-right\" data-align=\"right\">30,26\u20ac<\/td><td class=\"has-text-align-right\" data-align=\"right\">130\u20ac<\/td><\/tr><tr><td>Giappone<\/td><td class=\"has-text-align-right\" data-align=\"right\">7<\/td><td class=\"has-text-align-right\" data-align=\"right\">30,26\u20ac<\/td><td class=\"has-text-align-right\" data-align=\"right\">130\u20ac<\/td><\/tr><tr><td>Russia<\/td><td class=\"has-text-align-right\" data-align=\"right\">7<\/td><td class=\"has-text-align-right\" data-align=\"right\">30,26\u20ac<\/td><td class=\"has-text-align-right\" data-align=\"right\">130\u20ac<\/td><\/tr><tr><td>Singapore<\/td><td class=\"has-text-align-right\" data-align=\"right\">7<\/td><td class=\"has-text-align-right\" data-align=\"right\">30,26\u20ac<\/td><td class=\"has-text-align-right\" data-align=\"right\">130\u20ac<\/td><\/tr><tr><td>Taiwan<\/td><td class=\"has-text-align-right\" data-align=\"right\">7<\/td><td class=\"has-text-align-right\" data-align=\"right\">30,26\u20ac<\/td><td class=\"has-text-align-right\" data-align=\"right\">130\u20ac<\/td><\/tr><tr><td>Thailandia<\/td><td class=\"has-text-align-right\" data-align=\"right\">7<\/td><td class=\"has-text-align-right\" data-align=\"right\">30,26\u20ac<\/td><td class=\"has-text-align-right\" data-align=\"right\">130\u20ac<\/td><\/tr><tr><td>Vietnam<\/td><td class=\"has-text-align-right\" data-align=\"right\">7<\/td><td class=\"has-text-align-right\" data-align=\"right\">30,26\u20ac<\/td><td class=\"has-text-align-right\" data-align=\"right\">130\u20ac<\/td><\/tr><\/tbody><\/table><\/figure>\n\n\n\n<div style=\"height:50px\" aria-hidden=\"true\" class=\"wp-block-spacer\"><\/div>\n\n\n\n<h2 class=\"wp-block-heading\">Zone 6<\/h2>\n\n\n\n<figure class=\"wp-block-table\"><table class=\"has-fixed-layout\"><thead><tr><th>Paesi<\/th><th class=\"has-text-align-right\" data-align=\"right\">Tempi di consegna<\/th><th class=\"has-text-align-right\" data-align=\"right\">Spese di spedizione<\/th><th class=\"has-text-align-right\" data-align=\"right\">Spedizione offerta a partire da<\/th><\/tr><\/thead><tbody><tr><td>Africa (escluso Maghreb)<\/td><td class=\"has-text-align-right\" data-align=\"right\">7<\/td><td class=\"has-text-align-right\" data-align=\"right\">34,66<\/td><td class=\"has-text-align-right\" data-align=\"right\">150\u20ac<\/td><\/tr><tr><td>Americhe (escluso Stati Uniti e Canada)<\/td><td class=\"has-text-align-right\" data-align=\"right\">7<\/td><td class=\"has-text-align-right\" data-align=\"right\">34,66<\/td><td class=\"has-text-align-right\" data-align=\"right\">150\u20ac<\/td><\/tr><tr><td>Medio Oriente<\/td><td class=\"has-text-align-right\" data-align=\"right\">7<\/td><td class=\"has-text-align-right\" data-align=\"right\">34,66<\/td><td class=\"has-text-align-right\" data-align=\"right\">150\u20ac<\/td><\/tr><tr><td>Altri paesi asiatici<\/td><td class=\"has-text-align-right\" data-align=\"right\">7<\/td><td class=\"has-text-align-right\" data-align=\"right\">34,66<\/td><td class=\"has-text-align-right\" data-align=\"right\">150\u20ac<\/td><\/tr><tr><td>Oceania (esclusa Australia)<\/td><td class=\"has-text-align-right\" data-align=\"right\">7<\/td><td class=\"has-text-align-right\" data-align=\"right\">34,66<\/td><td class=\"has-text-align-right\" data-align=\"right\">150\u20ac<\/td><\/tr><\/tbody><\/table><\/figure>\n\n\n\n<div style=\"height:50px\" aria-hidden=\"true\" class=\"wp-block-spacer\"><\/div>\n\n\n\n<h3 class=\"wp-block-heading\">Nessuna consegna<\/h3>\n\n\n\n<figure class=\"wp-block-table\"><table class=\"has-fixed-layout\"><tbody><tr><td>Russia<\/td><\/tr><\/tbody><\/table><\/figure>\n\n\n\n<p>I dazi doganali rimangono a carico del cliente<\/p>\n","protected":false},"excerpt":{"rendered":"<p>Consegna e reso Politica di ritorno Accettiamo il reso del tuo ordine entro 14 giorni dalla data di ricezione del tuo ordine. Il reso \u00e8 a tue spese. Il prodotto deve essere integro, non aperto e nella sua confezione originale. I resi degli ordini sono a carico del Cliente e verranno detratti dall&#8217;importo totale del [&hellip;]<\/p>\n","protected":false},"author":1,"featured_media":0,"parent":0,"menu_order":0,"comment_status":"closed","ping_status":"closed","template":"","meta":{"_acf_changed":false,"inline_featured_image":false,"footnotes":""},"class_list":["post-11","page","type-page","status-publish","hentry"],"acf":[],"_links":{"self":[{"href":"https:\/\/staging.absology.co\/it\/wp-json\/wp\/v2\/pages\/11","targetHints":{"allow":["GET"]}}],"collection":[{"href":"https:\/\/staging.absology.co\/it\/wp-json\/wp\/v2\/pages"}],"about":[{"href":"https:\/\/staging.absology.co\/it\/wp-json\/wp\/v2\/types\/page"}],"author":[{"embeddable":true,"href":"https:\/\/staging.absology.co\/it\/wp-json\/wp\/v2\/users\/1"}],"replies":[{"embeddable":true,"href":"https:\/\/staging.absology.co\/it\/wp-json\/wp\/v2\/comments?post=11"}],"version-history":[{"count":0,"href":"https:\/\/staging.absology.co\/it\/wp-json\/wp\/v2\/pages\/11\/revisions"}],"wp:attachment":[{"href":"https:\/\/staging.absology.co\/it\/wp-json\/wp\/v2\/media?parent=11"}],"curies":[{"name":"wp","href":"https:\/\/api.w.org\/{rel}","templated":true}]}}