{"id":292,"date":"2023-06-12T14:59:39","date_gmt":"2023-06-12T12:59:39","guid":{"rendered":"https:\/\/www.staging.absology.co\/?page_id=292"},"modified":"2025-10-06T12:42:57","modified_gmt":"2025-10-06T10:42:57","slug":"filosofia","status":"publish","type":"page","link":"https:\/\/staging.absology.co\/it\/filosofia\/","title":{"rendered":"La nostra filosofia"},"content":{"rendered":"\n<div class=\"wp-block-columns is-layout-flex wp-container-core-columns-is-layout-28f84493 wp-block-columns-is-layout-flex\">\n<div class=\"wp-block-column is-layout-flow wp-block-column-is-layout-flow\">\n<h1 class=\"wp-block-heading\">La nostra filosofia<\/h1>\n\n\n\n<p><strong>ABSOLOGY\u00ae <\/strong>\u00e8 una nuova<strong> <\/strong><strong>generazione<\/strong><strong> di <\/strong><strong>nutricosmetici<\/strong><strong> <\/strong>che promuove il <strong>ritorno<\/strong><strong> <\/strong><strong>all\u2019essenziale<\/strong><strong>.<\/strong><\/p>\n\n\n\n<p>Combinando il savoir-faire italiano e francese, <strong>ABSOLOGY<\/strong><strong><sup>\u00ae <\/sup><\/strong><strong>\u00e8<\/strong><strong> nata da <\/strong><strong>un\u2019ambizione<\/strong><strong>, <\/strong><strong>coniugare<\/strong><strong> <\/strong><strong>ogni<\/strong><strong> giorno il <\/strong><strong>meglio<\/strong><strong> <\/strong><strong>dell\u2019innovazione<\/strong><strong> <\/strong><strong>scientifica<\/strong><strong> e <\/strong><strong>cosmetica<\/strong><strong> al fine di <\/strong><strong>promuovere<\/strong><strong> delle formule <\/strong><strong>inedite<\/strong><strong>, <\/strong><strong>naturali<\/strong><strong>, <\/strong><strong>altamente<\/strong><strong> <\/strong><strong>performanti<\/strong><strong> in <\/strong><strong>termini<\/strong><strong> di <\/strong><strong>efficacia<\/strong><strong> e qualitative per <\/strong><strong>rivelare<\/strong><strong> la <\/strong><strong>bellezza<\/strong><strong> <\/strong><strong>innata<\/strong><strong> di <\/strong><strong>ogni<\/strong><strong> donna <\/strong><strong>agendo<\/strong><strong> <\/strong><strong>dall\u2019interno<\/strong><strong>.<\/strong><\/p>\n\n\n\n<p>Attraverso le linee Hair Care, Skin Care e Wellness Beauty, Absology\u00ae promuove un ritorno all\u2019essenziale, inteso come <strong><em>less<\/em><\/strong><strong><em> <\/em><\/strong><strong><em>is<\/em><\/strong><strong><em> more<\/em><\/strong> per la cura del corpo e la ricerca dell\u2019equilibrio attraverso delle formule snelle, senza superfluo, con solo principi attivi brevettati la cui efficacia \u00e8 comprovata da test clinici rigorosi e che agiscono concretamente.<\/p>\n\n\n\n<p><strong><em>ABSOLOGY<\/em><\/strong><strong><em><sup>\u00ae<\/sup><\/em><\/strong><strong><em>, <\/em><\/strong><strong><em>nient\u2019altro<\/em><\/strong><strong><em> <\/em><\/strong><strong><em>che<\/em><\/strong><strong><em> l\u2019<\/em><\/strong><strong><em>essenziale<\/em><\/strong><strong><em>.<\/em><\/strong><\/p>\n<\/div>\n\n\n\n<div class=\"wp-block-column is-layout-flow wp-block-column-is-layout-flow\">\n<figure class=\"wp-block-image size-full\"><img decoding=\"async\" width=\"808\" height=\"703\" src=\"https:\/\/staging.absology.co\/wp-content\/uploads\/2023\/06\/3.jpg\" alt=\"\" class=\"wp-image-293\" title=\"\" srcset=\"https:\/\/staging.absology.co\/wp-content\/uploads\/2023\/06\/3.jpg 808w, https:\/\/staging.absology.co\/wp-content\/uploads\/2023\/06\/3-300x261.jpg 300w, https:\/\/staging.absology.co\/wp-content\/uploads\/2023\/06\/3-768x668.jpg 768w, https:\/\/staging.absology.co\/wp-content\/uploads\/2023\/06\/3-600x522.jpg 600w\" sizes=\"(max-width: 808px) 100vw, 808px\" \/><\/figure>\n<\/div>\n<\/div>\n\n\n\n\n\n                    <section id=\"special-list-block_93f02ac3ffdf981fcd6d649f0368fd4c\" class=\"bg-primary py-5 block-special-list alignfull\">\n            <div class=\"container\">\n                <h2 class=\"t-3 cabin-700\">Cosa rende speciale i prodotti Absology?<\/h2>\n\n                                <div class=\"row row-cols-lg-2 my-5\">\n\n                                        <div class=\"why-choose__box d-flex gap-4 my-3 my-4\">\n                                                                            <figure class=\"why-choose__box-icon flex-grow-0 flex-shrink-0\"><img decoding=\"async\" src=\"https:\/\/staging.absology.co\/wp-content\/uploads\/2025\/10\/ico-efficacia.svg\" alt=\"\" title=\"\"><\/figure>\n                                                <div>\n                            <div class=\"t-5 cabin-500 why-choose__box-title\">Efficacia provata<\/div>\n                            <div class=\"desc-1 why-choose__box-text\"><p>Ogni formulazione \u00e8 studiata con dei principi attivi brevettati con comprovata efficacia clinica.<\/p>\n<\/div>\n                        <\/div>\n                    <\/div>\n                                        <div class=\"why-choose__box d-flex gap-4 my-3 my-4\">\n                                                                            <figure class=\"why-choose__box-icon flex-grow-0 flex-shrink-0\"><img decoding=\"async\" src=\"https:\/\/staging.absology.co\/wp-content\/uploads\/2025\/10\/ico-senza-glutine.svg\" alt=\"\" title=\"\"><\/figure>\n                                                <div>\n                            <div class=\"t-5 cabin-500 why-choose__box-title\">Prodotti naturali E senza glutine<\/div>\n                            <div class=\"desc-1 why-choose__box-text\"><p>Tutti i nostri prodotti promuovono un ritorno all\u2019essenziale, niente di pi\u00f9!<br \/>\nI nostri ingredienti sono di origine naturale.<br \/>\nLi raccogliamo in Francia o nel resto d\u2019Europa, e talvolta anche pi\u00f9 lontano, per essere sicuri di combinare principi attivi di altissima qualit\u00e0 con le nostre formulazioni.<\/p>\n<p>Le nostre formule offrono la migliore biodisponibilit\u00e0 per garantire una perfetta assimilazione, coccolare la pelle e far risplendere la sua bellezza in modo naturale.<\/p>\n<p>Le nostre capsule sono vegetali e adatte a tutti i tipi di dieta, compresa quella vegana.<\/p>\n<\/div>\n                        <\/div>\n                    <\/div>\n                                        <div class=\"why-choose__box d-flex gap-4 my-3 my-4\">\n                                                                            <figure class=\"why-choose__box-icon flex-grow-0 flex-shrink-0\"><img decoding=\"async\" src=\"https:\/\/staging.absology.co\/wp-content\/uploads\/2025\/10\/ico-pianeta.svg\" alt=\"\" title=\"\"><\/figure>\n                                                <div>\n                            <div class=\"t-5 cabin-500 why-choose__box-title\">RESPONSABILI CON IL PIANETA<\/div>\n                            <div class=\"desc-1 why-choose__box-text\"><p>Privilegiamo i materiali riciclabili per limitare ogni giorno un po\u2019 di pi\u00f9 il nostro impatto sull\u2019ambiente. I nostri flaconi sono riciclabili al 100% ed i nostri packs sono certificati FSC (Forest Stewardship Council).<\/p>\n<\/div>\n                        <\/div>\n                    <\/div>\n                                        <div class=\"why-choose__box d-flex gap-4 my-3 my-4\">\n                                                                            <figure class=\"why-choose__box-icon flex-grow-0 flex-shrink-0\"><img decoding=\"async\" src=\"https:\/\/staging.absology.co\/wp-content\/uploads\/2025\/10\/ico-madeinfrance.svg\" alt=\"\" title=\"\"><\/figure>\n                                                <div>\n                            <div class=\"t-5 cabin-500 why-choose__box-title\">Made in italy &#038; France<\/div>\n                            <div class=\"desc-1 why-choose__box-text\"><p>Garantire la perfetta qualit\u00e0 del processo di sviluppo e produzione dei nostri prodotti \u00e8 essenziale.<\/p>\n<p>Per questo con ABSOLOGY\u00ae ci affidiamo a partners di eccellenza, tra l\u2019Italia e la Francia, riconosciuti a livello mondiale non solo nel campo degli integratori alimentari ma anche dei farmaci e\/o cosmetici.<\/p>\n<\/div>\n                        <\/div>\n                    <\/div>\n                                        <div class=\"why-choose__box d-flex gap-4 my-3 my-4\">\n                                                                            <figure class=\"why-choose__box-icon flex-grow-0 flex-shrink-0\"><img decoding=\"async\" src=\"https:\/\/staging.absology.co\/wp-content\/uploads\/2023\/06\/shield-1.svg\" alt=\"\" title=\"\"><\/figure>\n                                                <div>\n                            <div class=\"t-5 cabin-500 why-choose__box-title\">TRASPARENZA E AUTENTICIT\u00c0<\/div>\n                            <div class=\"desc-1 why-choose__box-text\"><p>ABSOLOGY\u00ae si impegna a mantenere le promesse fatte e a favorire una comunicazione diretta e trasparente con i propri consumatori! La vostra fiducia \u00e8 il nostro bene pi\u00f9 prezioso nonch\u00e9 uno dei nostri valori fondamentali.<\/p>\n<\/div>\n                        <\/div>\n                    <\/div>\n                                    <\/div>\n                            <\/div>\n        <\/section>\n            \n","protected":false},"excerpt":{"rendered":"<p>La nostra filosofia ABSOLOGY\u00ae \u00e8 una nuova generazione di nutricosmetici che promuove il ritorno all\u2019essenziale. Combinando il savoir-faire italiano e francese, ABSOLOGY\u00ae \u00e8 nata da un\u2019ambizione, coniugare ogni giorno il meglio dell\u2019innovazione scientifica e cosmetica al fine di promuovere delle formule inedite, naturali, altamente performanti in termini di efficacia e qualitative per rivelare la bellezza [&hellip;]<\/p>\n","protected":false},"author":1,"featured_media":0,"parent":0,"menu_order":0,"comment_status":"closed","ping_status":"closed","template":"","meta":{"_acf_changed":false,"inline_featured_image":false,"footnotes":""},"class_list":["post-292","page","type-page","status-publish","hentry"],"acf":[],"_links":{"self":[{"href":"https:\/\/staging.absology.co\/it\/wp-json\/wp\/v2\/pages\/292","targetHints":{"allow":["GET"]}}],"collection":[{"href":"https:\/\/staging.absology.co\/it\/wp-json\/wp\/v2\/pages"}],"about":[{"href":"https:\/\/staging.absology.co\/it\/wp-json\/wp\/v2\/types\/page"}],"author":[{"embeddable":true,"href":"https:\/\/staging.absology.co\/it\/wp-json\/wp\/v2\/users\/1"}],"replies":[{"embeddable":true,"href":"https:\/\/staging.absology.co\/it\/wp-json\/wp\/v2\/comments?post=292"}],"version-history":[{"count":0,"href":"https:\/\/staging.absology.co\/it\/wp-json\/wp\/v2\/pages\/292\/revisions"}],"wp:attachment":[{"href":"https:\/\/staging.absology.co\/it\/wp-json\/wp\/v2\/media?parent=292"}],"curies":[{"name":"wp","href":"https:\/\/api.w.org\/{rel}","templated":true}]}}